{"id":7,"date":"2015-02-03T09:03:45","date_gmt":"2015-02-03T09:03:45","guid":{"rendered":"http:\/\/vieso.fr\/accueil\/"},"modified":"2015-02-04T07:44:40","modified_gmt":"2015-02-04T07:44:40","slug":"accueil","status":"publish","type":"page","link":"http:\/\/www.vieso.fr\/","title":{"rendered":"Accueil"},"content":{"rendered":"<p><img loading=\"lazy\" decoding=\"async\" class=\"  alignright wp-image-39\" style=\"margin:-20px 30px 15px 30px;\" src=\"http:\/\/vieso.fr\/wp-content\/uploads\/2015\/02\/VIESO-returningtonature.png\" alt=\"VIESO-returningtonature\" width=\"130\" height=\"130\" srcset=\"http:\/\/www.vieso.fr\/wp-content\/uploads\/2015\/02\/VIESO-returningtonature.png 300w, http:\/\/www.vieso.fr\/wp-content\/uploads\/2015\/02\/VIESO-returningtonature-150x150.png 150w\" sizes=\"auto, (max-width: 130px) 100vw, 130px\" \/><\/p>\n<p style=\"padding-left: 30px; margin-top:30px;\">VIESO, fond\u00e9e en 1974, est install\u00e9e \u00e0 Valensole au sud-est de la France. Fondateur : Guillaume Ducos (un biologiste qui a bonne connaissance des plantes) croit que les miels sont des beaux cristaux produisent par les abeilles m\u00e9lang\u00e9 avec la vari\u00e9t\u00e9 des fleurs&#8230;\u00a0<a title=\"Notre histoire\" href=\"http:\/\/vieso.fr\/notre-histoire\/\">Lire la suite<\/a><\/p>\n","protected":false},"excerpt":{"rendered":"<p>VIESO, fond\u00e9e en 1974, est install\u00e9e \u00e0 Valensole au sud-est de la France. Fondateur : Guillaume Ducos (un biologiste qui a bonne connaissance des plantes) croit que les miels sont des beaux cristaux produisent par les abeilles m\u00e9lang\u00e9 avec la vari\u00e9t\u00e9 des fleurs&#8230;\u00a0Lire la suite<\/p>\n","protected":false},"author":1,"featured_media":0,"parent":0,"menu_order":1,"comment_status":"closed","ping_status":"open","template":"","meta":{"footnotes":""},"class_list":["post-7","page","type-page","status-publish","hentry"],"aioseo_notices":[],"_links":{"self":[{"href":"http:\/\/www.vieso.fr\/index.php?rest_route=\/wp\/v2\/pages\/7","targetHints":{"allow":["GET"]}}],"collection":[{"href":"http:\/\/www.vieso.fr\/index.php?rest_route=\/wp\/v2\/pages"}],"about":[{"href":"http:\/\/www.vieso.fr\/index.php?rest_route=\/wp\/v2\/types\/page"}],"author":[{"embeddable":true,"href":"http:\/\/www.vieso.fr\/index.php?rest_route=\/wp\/v2\/users\/1"}],"replies":[{"embeddable":true,"href":"http:\/\/www.vieso.fr\/index.php?rest_route=%2Fwp%2Fv2%2Fcomments&post=7"}],"version-history":[{"count":6,"href":"http:\/\/www.vieso.fr\/index.php?rest_route=\/wp\/v2\/pages\/7\/revisions"}],"predecessor-version":[{"id":64,"href":"http:\/\/www.vieso.fr\/index.php?rest_route=\/wp\/v2\/pages\/7\/revisions\/64"}],"wp:attachment":[{"href":"http:\/\/www.vieso.fr\/index.php?rest_route=%2Fwp%2Fv2%2Fmedia&parent=7"}],"curies":[{"name":"wp","href":"https:\/\/api.w.org\/{rel}","templated":true}]}}